{"id":7107,"date":"2022-02-23T18:18:42","date_gmt":"2022-02-23T17:18:42","guid":{"rendered":"https:\/\/www.dgska.de\/legal-notice\/"},"modified":"2024-09-13T15:14:13","modified_gmt":"2024-09-13T13:14:13","slug":"legal-notice","status":"publish","type":"page","link":"https:\/\/www.dgska.de\/en\/legal-notice\/","title":{"rendered":"Legal notice"},"content":{"rendered":"<p>[et_pb_section fb_built=&#8221;1&#8243; admin_label=&#8221;section&#8221; _builder_version=&#8221;4.16&#8243; global_colors_info=&#8221;{}&#8221;][et_pb_row admin_label=&#8221;row&#8221; _builder_version=&#8221;4.16&#8243; background_size=&#8221;initial&#8221; background_position=&#8221;top_left&#8221; background_repeat=&#8221;repeat&#8221; global_colors_info=&#8221;{}&#8221;][et_pb_column type=&#8221;4_4&#8243; _builder_version=&#8221;4.16&#8243; custom_padding=&#8221;|||&#8221; global_colors_info=&#8221;{}&#8221; custom_padding__hover=&#8221;|||&#8221;][et_pb_text _builder_version=&#8221;4.25.1&#8243; background_size=&#8221;initial&#8221; background_position=&#8221;top_left&#8221; background_repeat=&#8221;repeat&#8221; hover_enabled=&#8221;0&#8243; use_border_color=&#8221;off&#8221; global_colors_info=&#8221;{}&#8221; sticky_enabled=&#8221;0&#8243;]<\/p>\n<h1>Legal notice<\/h1>\n<p>Deutsche Gesellschaft f\u00fcr Sozial- und Kulturanthropologie e.V.<br \/>c\/o Institut f\u00fcr Ethnologie<br \/>Universit\u00e4t zu K\u00f6ln<br \/>Hauptgeb\u00e4ude \/ Bauteil 6<br \/>Albertus-Magnus-Platz 1<br \/>50923 K\u00f6ln<\/p>\n<p>Tel. 0221 470 2274<br \/>Email: <a href=\"mailto:geschaeftsstelle@dgska.de\">geschaeftsstelle@dgska.de<\/a><br \/>Internet:\u00a0<a href=\"https:\/\/www.dgska.de\">www.dgska<\/a><a href=\"https:\/\/www.dgska.de\">.de<\/a><\/p>\n<p>Authorised representatives of the Board:<br \/>Prof. Dr. Martin Zillinger (Chairman)<br \/>Prof. Dr. Franz Krause (Deputy Chairman)<br \/>Prof. Dr. Michaela Pelican (Treasurer)<\/p>\n<p>Registered at the District Court of Frankfurt am Main<br \/>Registration number: 73 VR 5400<\/p>\n<h3>Webdesign<\/h3>\n<p>Reister Webdesign, Torstra\u00dfe 61, 10119 Berlin, <a href=\"http:\/\/www.reister-webdesign.de\">www.reister-webdesign.de<\/a><\/p>\n<p>[\/et_pb_text][\/et_pb_column][\/et_pb_row][\/et_pb_section]<\/p>\n","protected":false},"excerpt":{"rendered":"<p>Legal notice Deutsche Gesellschaft f\u00fcr Sozial- und Kulturanthropologie e.V.c\/o Institut f\u00fcr EthnologieUniversit\u00e4t zu K\u00f6lnHauptgeb\u00e4ude \/ Bauteil 6Albertus-Magnus-Platz 150923 K\u00f6ln Tel. 0221 470 2274Email: geschaeftsstelle@dgska.deInternet:\u00a0www.dgska.de Authorised representatives of the Board:Prof. Dr. Martin Zillinger (Chairman)Prof. Dr. Franz Krause (Deputy Chairman)Prof. Dr. Michaela Pelican (Treasurer) Registered at the District Court of Frankfurt am MainRegistration number: 73 VR 5400 [&hellip;]<\/p>\n","protected":false},"author":6,"featured_media":0,"parent":0,"menu_order":0,"comment_status":"closed","ping_status":"closed","template":"","meta":{"_et_pb_use_builder":"on","_et_pb_old_content":"","_et_gb_content_width":"","footnotes":""},"class_list":["post-7107","page","type-page","status-publish","hentry"],"_links":{"self":[{"href":"https:\/\/www.dgska.de\/en\/wp-json\/wp\/v2\/pages\/7107","targetHints":{"allow":["GET"]}}],"collection":[{"href":"https:\/\/www.dgska.de\/en\/wp-json\/wp\/v2\/pages"}],"about":[{"href":"https:\/\/www.dgska.de\/en\/wp-json\/wp\/v2\/types\/page"}],"author":[{"embeddable":true,"href":"https:\/\/www.dgska.de\/en\/wp-json\/wp\/v2\/users\/6"}],"replies":[{"embeddable":true,"href":"https:\/\/www.dgska.de\/en\/wp-json\/wp\/v2\/comments?post=7107"}],"version-history":[{"count":1,"href":"https:\/\/www.dgska.de\/en\/wp-json\/wp\/v2\/pages\/7107\/revisions"}],"predecessor-version":[{"id":8523,"href":"https:\/\/www.dgska.de\/en\/wp-json\/wp\/v2\/pages\/7107\/revisions\/8523"}],"wp:attachment":[{"href":"https:\/\/www.dgska.de\/en\/wp-json\/wp\/v2\/media?parent=7107"}],"curies":[{"name":"wp","href":"https:\/\/api.w.org\/{rel}","templated":true}]}}