{"id":7110,"date":"2022-02-23T18:28:15","date_gmt":"2022-02-23T17:28:15","guid":{"rendered":"https:\/\/www.dgska.de\/contact\/"},"modified":"2024-01-19T20:18:56","modified_gmt":"2024-01-19T19:18:56","slug":"contact","status":"publish","type":"page","link":"https:\/\/www.dgska.de\/en\/contact\/","title":{"rendered":"Contact"},"content":{"rendered":"<p>[et_pb_section fb_built=&#8221;1&#8243; fullwidth=&#8221;on&#8221; _builder_version=&#8221;4.16&#8243; global_colors_info=&#8221;{}&#8221;][et_pb_fullwidth_image src=&#8221;https:\/\/www.dgska.de\/wp-content\/uploads\/2016\/08\/Banner_Kontakt.jpg&#8221; _builder_version=&#8221;4.16&#8243; animation=&#8221;off&#8221; use_border_color=&#8221;off&#8221; border_color=&#8221;#ffffff&#8221; border_style=&#8221;solid&#8221; global_colors_info=&#8221;{}&#8221;][\/et_pb_fullwidth_image][\/et_pb_section][et_pb_section fb_built=&#8221;1&#8243; admin_label=&#8221;section&#8221; _builder_version=&#8221;4.16&#8243; global_colors_info=&#8221;{}&#8221;][et_pb_row admin_label=&#8221;row&#8221; _builder_version=&#8221;4.16&#8243; background_size=&#8221;initial&#8221; background_position=&#8221;top_left&#8221; background_repeat=&#8221;repeat&#8221; global_colors_info=&#8221;{}&#8221;][et_pb_column type=&#8221;4_4&#8243; _builder_version=&#8221;4.16&#8243; custom_padding=&#8221;|||&#8221; global_colors_info=&#8221;{}&#8221; custom_padding__hover=&#8221;|||&#8221;][et_pb_text _builder_version=&#8221;4.23.1&#8243; background_size=&#8221;initial&#8221; background_position=&#8221;top_left&#8221; background_repeat=&#8221;repeat&#8221; text_orientation=&#8221;center&#8221; module_alignment=&#8221;center&#8221; use_border_color=&#8221;off&#8221; global_colors_info=&#8221;{}&#8221;]<\/p>\n<h1>Office<\/h1>\n<p>German Association for Social and Cultural Anthropology \/ Deutsche Gesellschaft fuer Sozial- und Kulturanthropologie e.V.<br \/>c\/o Institut f\u00fcr Ethnologie<br \/>Universit\u00e4t zu K\u00f6ln<br \/>Hauptgeb\u00e4ude \/ Bauteil 6<br \/>Albertus-Magnus-Platz 1<br \/>50923 K\u00f6ln<\/p>\n<p>E-Mail: <a href=\"mailto:geschaeftsstelle@dgska.de\">geschaeftsstelle@dgska.de<\/a><br \/>Internet: <a href=\"\/\">www.dgska.de<\/a><\/p>\n<p>&nbsp;<\/p>\n<p>[\/et_pb_text][et_pb_text _builder_version=&#8221;4.23.1&#8243; background_size=&#8221;initial&#8221; background_position=&#8221;top_left&#8221; background_repeat=&#8221;repeat&#8221; text_orientation=&#8221;center&#8221; module_alignment=&#8221;center&#8221; hover_enabled=&#8221;0&#8243; use_border_color=&#8221;off&#8221; global_colors_info=&#8221;{}&#8221; sticky_enabled=&#8221;0&#8243;]<\/p>\n<h1>Press Division of the GASCA<\/h1>\n<p>Dr. Simone Pfeifer and Dr. Nina ter Laan<br \/>c\/o Institut f\u00fcr Ethnologie<br \/>Universit\u00e4t zu K\u00f6ln<br \/>Hauptgeb\u00e4ude \/ Bauteil 6<br \/>Albertus-Magnus-Platz 1<br \/>50923 K\u00f6ln<\/p>\n<p>Mail:\u00a0<a href=\"mailto:s.pfeifer@uni-koeln.de\" target=\"_blank\" rel=\"noopener\">s.pfeifer@uni-koeln.de<\/a> und <a href=\"mailto:nterlaan@uni-koeln.de\" target=\"_blank\" rel=\"noopener\">nterlaan@uni-koeln.de<\/a><\/p>\n<p>[\/et_pb_text][\/et_pb_column][\/et_pb_row][\/et_pb_section]<\/p>\n","protected":false},"excerpt":{"rendered":"<p>Office German Association for Social and Cultural Anthropology \/ Deutsche Gesellschaft fuer Sozial- und Kulturanthropologie e.V.c\/o Institut f\u00fcr EthnologieUniversit\u00e4t zu K\u00f6lnHauptgeb\u00e4ude \/ Bauteil 6Albertus-Magnus-Platz 150923 K\u00f6ln E-Mail: geschaeftsstelle@dgska.deInternet: www.dgska.de &nbsp;Press Division of the GASCA Dr. Simone Pfeifer and Dr. Nina ter Laanc\/o Institut f\u00fcr EthnologieUniversit\u00e4t zu K\u00f6lnHauptgeb\u00e4ude \/ Bauteil 6Albertus-Magnus-Platz 150923 K\u00f6ln Mail:\u00a0s.pfeifer@uni-koeln.de und nterlaan@uni-koeln.de<\/p>\n","protected":false},"author":6,"featured_media":0,"parent":0,"menu_order":0,"comment_status":"closed","ping_status":"closed","template":"","meta":{"_et_pb_use_builder":"on","_et_pb_old_content":"","_et_gb_content_width":"","footnotes":""},"class_list":["post-7110","page","type-page","status-publish","hentry"],"_links":{"self":[{"href":"https:\/\/www.dgska.de\/en\/wp-json\/wp\/v2\/pages\/7110","targetHints":{"allow":["GET"]}}],"collection":[{"href":"https:\/\/www.dgska.de\/en\/wp-json\/wp\/v2\/pages"}],"about":[{"href":"https:\/\/www.dgska.de\/en\/wp-json\/wp\/v2\/types\/page"}],"author":[{"embeddable":true,"href":"https:\/\/www.dgska.de\/en\/wp-json\/wp\/v2\/users\/6"}],"replies":[{"embeddable":true,"href":"https:\/\/www.dgska.de\/en\/wp-json\/wp\/v2\/comments?post=7110"}],"version-history":[{"count":0,"href":"https:\/\/www.dgska.de\/en\/wp-json\/wp\/v2\/pages\/7110\/revisions"}],"wp:attachment":[{"href":"https:\/\/www.dgska.de\/en\/wp-json\/wp\/v2\/media?parent=7110"}],"curies":[{"name":"wp","href":"https:\/\/api.w.org\/{rel}","templated":true}]}}